{"id":152,"date":"2024-09-03T11:10:40","date_gmt":"2024-09-03T11:10:40","guid":{"rendered":"https:\/\/bleamcreative.com\/mwc\/pt\/?post_type=product&#038;p=152"},"modified":"2025-09-16T17:46:01","modified_gmt":"2025-09-16T17:46:01","slug":"menin-d-beatriz","status":"publish","type":"product","link":"https:\/\/menin.pt\/pt\/produto\/menin-d-beatriz\/","title":{"rendered":"Menin D. Beatriz"},"content":{"rendered":"<p><span class=\"ui-provider bnq bnr bld bns bnt bnu bnv bnw bnx bny bnz boa bob boc bod boe bof bog boh boi boj bok bol bom bon boo bop boq bor bos bot bou bov bow box\" dir=\"ltr\">Menin D. Beatriz \u00e9 o vinho mais especial jamais assinado pela Menin Douro Estates. Quando a paix\u00e3o por uma regi\u00e3o \u00e9 tanta que se desmultiplica em mais de cinquenta castas unidas num s\u00f3 trago. Feito exclusivamente a partir de vinhas velhas, \u00e9 o resultado de cinco anos de cuidado constante e extremo que se traduz num vinho de excel\u00eancia que s\u00f3 \u00e9 lan\u00e7ado em anos especiais.<\/span><\/p>\n","protected":false},"excerpt":{"rendered":"<p>Menin D. Beatriz \u00e9 o vinho mais especial jamais assinado pela Menin Douro Estates. Quando a paix\u00e3o por uma regi\u00e3o \u00e9 tanta que se desmultiplica em mais de cinquenta castas unidas num s\u00f3 trago. Feito exclusivamente a partir de vinhas velhas, \u00e9 o resultado de cinco anos de cuidado constante e extremo que se traduz [&hellip;]<\/p>\n","protected":false},"featured_media":188,"template":"","meta":[],"product_brand":[],"product_cat":[68,66,67],"product_tag":[70,71],"tipo-produto":[103],"estilo-produto":[102],"qualidade-produto":[104],"class_list":{"0":"post-152","1":"product","2":"type-product","3":"status-publish","4":"has-post-thumbnail","6":"product_cat-doc-douro","7":"product_cat-menin","8":"product_cat-vinho","9":"product_tag-doc-douro","10":"product_tag-tinto","11":"tipo-produto-vinho","12":"estilo-produto-doc-douro","13":"qualidade-produto-tinto","15":"first","16":"instock","17":"taxable","18":"shipping-taxable","19":"purchasable","20":"product-type-simple"},"_links":{"self":[{"href":"https:\/\/menin.pt\/pt\/wp-json\/wp\/v2\/product\/152","targetHints":{"allow":["GET"]}}],"collection":[{"href":"https:\/\/menin.pt\/pt\/wp-json\/wp\/v2\/product"}],"about":[{"href":"https:\/\/menin.pt\/pt\/wp-json\/wp\/v2\/types\/product"}],"wp:featuredmedia":[{"embeddable":true,"href":"https:\/\/menin.pt\/pt\/wp-json\/wp\/v2\/media\/188"}],"wp:attachment":[{"href":"https:\/\/menin.pt\/pt\/wp-json\/wp\/v2\/media?parent=152"}],"wp:term":[{"taxonomy":"product_brand","embeddable":true,"href":"https:\/\/menin.pt\/pt\/wp-json\/wp\/v2\/product_brand?post=152"},{"taxonomy":"product_cat","embeddable":true,"href":"https:\/\/menin.pt\/pt\/wp-json\/wp\/v2\/product_cat?post=152"},{"taxonomy":"product_tag","embeddable":true,"href":"https:\/\/menin.pt\/pt\/wp-json\/wp\/v2\/product_tag?post=152"},{"taxonomy":"tipo-produto","embeddable":true,"href":"https:\/\/menin.pt\/pt\/wp-json\/wp\/v2\/tipo-produto?post=152"},{"taxonomy":"estilo-produto","embeddable":true,"href":"https:\/\/menin.pt\/pt\/wp-json\/wp\/v2\/estilo-produto?post=152"},{"taxonomy":"qualidade-produto","embeddable":true,"href":"https:\/\/menin.pt\/pt\/wp-json\/wp\/v2\/qualidade-produto?post=152"}],"curies":[{"name":"wp","href":"https:\/\/api.w.org\/{rel}","templated":true}]}}