{"id":143,"date":"2024-09-03T11:10:38","date_gmt":"2024-09-03T11:10:38","guid":{"rendered":"https:\/\/bleamcreative.com\/mwc\/pt\/?post_type=product&#038;p=143"},"modified":"2026-03-06T12:04:15","modified_gmt":"2026-03-06T12:04:15","slug":"menin-tinta-roriz","status":"publish","type":"product","link":"https:\/\/menin.pt\/pt\/produto\/menin-tinta-roriz\/","title":{"rendered":"Menin Tinta Roriz"},"content":{"rendered":"<p>Vinho de perfil muito harmonioso, entre a fruta vermelha silvestre (groselhas vermelhas, ameixa vermelha), cereja preta, frutos do bosque e especiarias do est\u00e1gio em barrica aumentam a complexidade do conjunto. Na boca, real\u00e7a-se como um vinho com extrema finesse que n\u00e3o \u00e9 usual de se encontrar entre os seus pares.<\/p>\n","protected":false},"excerpt":{"rendered":"<p>Vinho de perfil muito harmonioso, entre a fruta vermelha silvestre (groselhas vermelhas, ameixa vermelha), cereja preta, frutos do bosque e especiarias do est\u00e1gio em barrica aumentam a complexidade do conjunto. Na boca, real\u00e7a-se como um vinho com extrema finesse que n\u00e3o \u00e9 usual de se encontrar entre os seus pares.<\/p>\n","protected":false},"featured_media":182,"template":"","meta":[],"product_brand":[],"product_cat":[85,68,66,67],"product_tag":[70,71],"tipo-produto":[103],"estilo-produto":[102],"qualidade-produto":[104],"class_list":{"0":"post-143","1":"product","2":"type-product","3":"status-publish","4":"has-post-thumbnail","6":"product_cat-colheita-doc-douro","7":"product_cat-doc-douro","8":"product_cat-menin","9":"product_cat-vinho","10":"product_tag-doc-douro","11":"product_tag-tinto","12":"tipo-produto-vinho","13":"estilo-produto-doc-douro","14":"qualidade-produto-tinto","16":"first","17":"outofstock","18":"taxable","19":"shipping-taxable","20":"purchasable","21":"product-type-simple"},"_links":{"self":[{"href":"https:\/\/menin.pt\/pt\/wp-json\/wp\/v2\/product\/143","targetHints":{"allow":["GET"]}}],"collection":[{"href":"https:\/\/menin.pt\/pt\/wp-json\/wp\/v2\/product"}],"about":[{"href":"https:\/\/menin.pt\/pt\/wp-json\/wp\/v2\/types\/product"}],"wp:featuredmedia":[{"embeddable":true,"href":"https:\/\/menin.pt\/pt\/wp-json\/wp\/v2\/media\/182"}],"wp:attachment":[{"href":"https:\/\/menin.pt\/pt\/wp-json\/wp\/v2\/media?parent=143"}],"wp:term":[{"taxonomy":"product_brand","embeddable":true,"href":"https:\/\/menin.pt\/pt\/wp-json\/wp\/v2\/product_brand?post=143"},{"taxonomy":"product_cat","embeddable":true,"href":"https:\/\/menin.pt\/pt\/wp-json\/wp\/v2\/product_cat?post=143"},{"taxonomy":"product_tag","embeddable":true,"href":"https:\/\/menin.pt\/pt\/wp-json\/wp\/v2\/product_tag?post=143"},{"taxonomy":"tipo-produto","embeddable":true,"href":"https:\/\/menin.pt\/pt\/wp-json\/wp\/v2\/tipo-produto?post=143"},{"taxonomy":"estilo-produto","embeddable":true,"href":"https:\/\/menin.pt\/pt\/wp-json\/wp\/v2\/estilo-produto?post=143"},{"taxonomy":"qualidade-produto","embeddable":true,"href":"https:\/\/menin.pt\/pt\/wp-json\/wp\/v2\/qualidade-produto?post=143"}],"curies":[{"name":"wp","href":"https:\/\/api.w.org\/{rel}","templated":true}]}}