{"id":140,"date":"2024-09-03T11:10:38","date_gmt":"2024-09-03T11:10:38","guid":{"rendered":"https:\/\/bleamcreative.com\/mwc\/pt\/?post_type=product&#038;p=140"},"modified":"2026-03-13T12:04:39","modified_gmt":"2026-03-13T12:04:39","slug":"menin-porto-vintage","status":"publish","type":"product","link":"https:\/\/menin.pt\/pt\/produto\/menin-porto-vintage\/","title":{"rendered":"Menin Porto Vintage"},"content":{"rendered":"<p>Menin Porto Vintage \u00e9 um vinho cor de ruby opaca com laivos violetas. No nariz apresenta-se muito intenso, com notas de fruta preta, amoras, compota de groselha preta, fruta vermelha silvestre madura e ligeiro bals\u00e2mico a transmitir frescura. Na boca as sensa\u00e7\u00f5es arom\u00e1ticas repetem-se, com os sabores de figo seco, frutos vermelhos maduros e ligeiro sabor a mirtilos. Taninos poderosos e muito polidos, mas gra\u00e7as \u00e0 sua acidez, mostra-se fresco e muito persistente. Pela sua estrutura, complexidade e acidez ir\u00e1 evoluir nos pr\u00f3ximos 50 anos.<\/p>\n","protected":false},"excerpt":{"rendered":"<p>Menin Porto Vintage \u00e9 um vinho cor de ruby opaca com laivos violetas. No nariz apresenta-se muito intenso, com notas de fruta preta, amoras, compota de groselha preta, fruta vermelha silvestre madura e ligeiro bals\u00e2mico a transmitir frescura. Na boca as sensa\u00e7\u00f5es arom\u00e1ticas repetem-se, com os sabores de figo seco, frutos vermelhos maduros e ligeiro sabor a mirtilos. Taninos poderosos e muito polidos, mas gra\u00e7as \u00e0 sua acidez, mostra-se fresco e muito persistente. Pela sua estrutura, complexidade e acidez ir\u00e1 evoluir nos pr\u00f3ximos 50 anos.<\/p>\n","protected":false},"featured_media":178,"template":"","meta":[],"product_brand":[],"product_cat":[66,83],"product_tag":[84],"tipo-produto":[103],"estilo-produto":[106],"qualidade-produto":[161],"class_list":{"0":"post-140","1":"product","2":"type-product","3":"status-publish","4":"has-post-thumbnail","6":"product_cat-menin","7":"product_cat-porto","8":"product_tag-porto","9":"tipo-produto-vinho","10":"estilo-produto-porto","11":"qualidade-produto-ruby","13":"first","14":"instock","15":"taxable","16":"shipping-taxable","17":"purchasable","18":"product-type-simple"},"_links":{"self":[{"href":"https:\/\/menin.pt\/pt\/wp-json\/wp\/v2\/product\/140","targetHints":{"allow":["GET"]}}],"collection":[{"href":"https:\/\/menin.pt\/pt\/wp-json\/wp\/v2\/product"}],"about":[{"href":"https:\/\/menin.pt\/pt\/wp-json\/wp\/v2\/types\/product"}],"wp:featuredmedia":[{"embeddable":true,"href":"https:\/\/menin.pt\/pt\/wp-json\/wp\/v2\/media\/178"}],"wp:attachment":[{"href":"https:\/\/menin.pt\/pt\/wp-json\/wp\/v2\/media?parent=140"}],"wp:term":[{"taxonomy":"product_brand","embeddable":true,"href":"https:\/\/menin.pt\/pt\/wp-json\/wp\/v2\/product_brand?post=140"},{"taxonomy":"product_cat","embeddable":true,"href":"https:\/\/menin.pt\/pt\/wp-json\/wp\/v2\/product_cat?post=140"},{"taxonomy":"product_tag","embeddable":true,"href":"https:\/\/menin.pt\/pt\/wp-json\/wp\/v2\/product_tag?post=140"},{"taxonomy":"tipo-produto","embeddable":true,"href":"https:\/\/menin.pt\/pt\/wp-json\/wp\/v2\/tipo-produto?post=140"},{"taxonomy":"estilo-produto","embeddable":true,"href":"https:\/\/menin.pt\/pt\/wp-json\/wp\/v2\/estilo-produto?post=140"},{"taxonomy":"qualidade-produto","embeddable":true,"href":"https:\/\/menin.pt\/pt\/wp-json\/wp\/v2\/qualidade-produto?post=140"}],"curies":[{"name":"wp","href":"https:\/\/api.w.org\/{rel}","templated":true}]}}