{"id":132,"date":"2024-09-03T11:10:36","date_gmt":"2024-09-03T11:10:36","guid":{"rendered":"https:\/\/bleamcreative.com\/mwc\/pt\/?post_type=product&#038;p=132"},"modified":"2026-01-20T10:26:15","modified_gmt":"2026-01-20T10:26:15","slug":"menin-grande-reserva-branco","status":"publish","type":"product","link":"https:\/\/menin.pt\/pt\/produto\/menin-grande-reserva-branco\/","title":{"rendered":"Menin Grande Reserva Branco"},"content":{"rendered":"<p>MDE GRANDE RESERVA BRANCO nasce da sele\u00e7\u00e3o de parcelas das castas ARINTO. Com predomin\u00e2ncia de exposi\u00e7\u00e3o solar Nascente e solos de xisto e granito, as diferentes parcelas encontram-se localizadas em cotas que variam dos 350 aos 400 m de altitude, o que exige um acompanhamento rigoroso da matura\u00e7\u00e3o dos diferentes terroirs.<\/p>\n","protected":false},"excerpt":{"rendered":"<p>MDE GRANDE RESERVA BRANCO nasce da sele\u00e7\u00e3o de parcelas das castas ARINTO. Com predomin\u00e2ncia de exposi\u00e7\u00e3o solar Nascente e solos de xisto e granito, as diferentes parcelas encontram-se localizadas em cotas que variam dos 350 aos 400 m de altitude, o que exige um acompanhamento rigoroso da matura\u00e7\u00e3o dos diferentes terroirs.<\/p>\n","protected":false},"featured_media":167,"template":"","meta":[],"product_brand":[],"product_cat":[78,66,67],"product_tag":[79,70],"tipo-produto":[103],"estilo-produto":[102],"qualidade-produto":[105],"class_list":{"0":"post-132","1":"product","2":"type-product","3":"status-publish","4":"has-post-thumbnail","6":"product_cat-grande-reserva","7":"product_cat-menin","8":"product_cat-vinho","9":"product_tag-branco","10":"product_tag-doc-douro","11":"tipo-produto-vinho","12":"estilo-produto-doc-douro","13":"qualidade-produto-branco","15":"first","16":"instock","17":"taxable","18":"shipping-taxable","19":"purchasable","20":"product-type-variable"},"_links":{"self":[{"href":"https:\/\/menin.pt\/pt\/wp-json\/wp\/v2\/product\/132","targetHints":{"allow":["GET"]}}],"collection":[{"href":"https:\/\/menin.pt\/pt\/wp-json\/wp\/v2\/product"}],"about":[{"href":"https:\/\/menin.pt\/pt\/wp-json\/wp\/v2\/types\/product"}],"wp:featuredmedia":[{"embeddable":true,"href":"https:\/\/menin.pt\/pt\/wp-json\/wp\/v2\/media\/167"}],"wp:attachment":[{"href":"https:\/\/menin.pt\/pt\/wp-json\/wp\/v2\/media?parent=132"}],"wp:term":[{"taxonomy":"product_brand","embeddable":true,"href":"https:\/\/menin.pt\/pt\/wp-json\/wp\/v2\/product_brand?post=132"},{"taxonomy":"product_cat","embeddable":true,"href":"https:\/\/menin.pt\/pt\/wp-json\/wp\/v2\/product_cat?post=132"},{"taxonomy":"product_tag","embeddable":true,"href":"https:\/\/menin.pt\/pt\/wp-json\/wp\/v2\/product_tag?post=132"},{"taxonomy":"tipo-produto","embeddable":true,"href":"https:\/\/menin.pt\/pt\/wp-json\/wp\/v2\/tipo-produto?post=132"},{"taxonomy":"estilo-produto","embeddable":true,"href":"https:\/\/menin.pt\/pt\/wp-json\/wp\/v2\/estilo-produto?post=132"},{"taxonomy":"qualidade-produto","embeddable":true,"href":"https:\/\/menin.pt\/pt\/wp-json\/wp\/v2\/qualidade-produto?post=132"}],"curies":[{"name":"wp","href":"https:\/\/api.w.org\/{rel}","templated":true}]}}