{"id":126,"date":"2024-09-03T11:10:35","date_gmt":"2024-09-03T11:10:35","guid":{"rendered":"https:\/\/bleamcreative.com\/mwc\/pt\/?post_type=product&#038;p=126"},"modified":"2025-09-16T17:31:55","modified_gmt":"2025-09-16T17:31:55","slug":"menin-douros-new-legacy","status":"publish","type":"product","link":"https:\/\/menin.pt\/pt\/produto\/menin-douros-new-legacy\/","title":{"rendered":"Menin Douro\u2019s New Legacy"},"content":{"rendered":"<p>DOURO\u2019S NEW LEGACY RESERVA nasce da rigorosa sele\u00e7\u00e3o de diferentes parcelas de vinha que levaram a apostar mais do que todos os esfor\u00e7os. Com uma \u00e1rea total de 42 hectares na propriedade, podemos encontrar parcelas de vinha que apresentam idades que variam dos 45 aos 100 anos, levando \u00e0 necessidade de interpretar com extremo rigor toda a evolu\u00e7\u00e3o das mais diversas parcelas para avaliar o potencial.<\/p>\n","protected":false},"excerpt":{"rendered":"<p>DOURO\u2019S NEW LEGACY RESERVA nasce da rigorosa sele\u00e7\u00e3o de diferentes parcelas de vinha que levaram a apostar mais do que todos os esfor\u00e7os. Com uma \u00e1rea total de 42 hectares na propriedade, podemos encontrar parcelas de vinha que apresentam idades que variam dos 45 aos 100 anos, levando \u00e0 necessidade de interpretar com extremo rigor toda a evolu\u00e7\u00e3o das mais diversas parcelas para avaliar o potencial.<\/p>\n","protected":false},"featured_media":157,"template":"","meta":[],"product_brand":[],"product_cat":[66,69,67],"product_tag":[70,71],"tipo-produto":[103],"estilo-produto":[102],"qualidade-produto":[104],"class_list":{"0":"post-126","1":"product","2":"type-product","3":"status-publish","4":"has-post-thumbnail","6":"product_cat-menin","7":"product_cat-reserva","8":"product_cat-vinho","9":"product_tag-doc-douro","10":"product_tag-tinto","11":"tipo-produto-vinho","12":"estilo-produto-doc-douro","13":"qualidade-produto-tinto","15":"first","16":"instock","17":"taxable","18":"shipping-taxable","19":"purchasable","20":"product-type-simple"},"_links":{"self":[{"href":"https:\/\/menin.pt\/pt\/wp-json\/wp\/v2\/product\/126","targetHints":{"allow":["GET"]}}],"collection":[{"href":"https:\/\/menin.pt\/pt\/wp-json\/wp\/v2\/product"}],"about":[{"href":"https:\/\/menin.pt\/pt\/wp-json\/wp\/v2\/types\/product"}],"wp:featuredmedia":[{"embeddable":true,"href":"https:\/\/menin.pt\/pt\/wp-json\/wp\/v2\/media\/157"}],"wp:attachment":[{"href":"https:\/\/menin.pt\/pt\/wp-json\/wp\/v2\/media?parent=126"}],"wp:term":[{"taxonomy":"product_brand","embeddable":true,"href":"https:\/\/menin.pt\/pt\/wp-json\/wp\/v2\/product_brand?post=126"},{"taxonomy":"product_cat","embeddable":true,"href":"https:\/\/menin.pt\/pt\/wp-json\/wp\/v2\/product_cat?post=126"},{"taxonomy":"product_tag","embeddable":true,"href":"https:\/\/menin.pt\/pt\/wp-json\/wp\/v2\/product_tag?post=126"},{"taxonomy":"tipo-produto","embeddable":true,"href":"https:\/\/menin.pt\/pt\/wp-json\/wp\/v2\/tipo-produto?post=126"},{"taxonomy":"estilo-produto","embeddable":true,"href":"https:\/\/menin.pt\/pt\/wp-json\/wp\/v2\/estilo-produto?post=126"},{"taxonomy":"qualidade-produto","embeddable":true,"href":"https:\/\/menin.pt\/pt\/wp-json\/wp\/v2\/qualidade-produto?post=126"}],"curies":[{"name":"wp","href":"https:\/\/api.w.org\/{rel}","templated":true}]}}