{"id":567,"date":"2024-09-03T11:10:36","date_gmt":"2024-09-03T11:10:36","guid":{"rendered":"https:\/\/bleamcreative.com\/mwc\/pt\/produto\/h-o-sousao\/"},"modified":"2025-09-16T18:13:15","modified_gmt":"2025-09-16T18:13:15","slug":"h-o-sousao","status":"publish","type":"product","link":"https:\/\/menin.pt\/pt\/en\/produto\/h-o-sousao\/","title":{"rendered":"H.O Sous\u00e3o"},"content":{"rendered":"<p>H.O SOUS\u00c3O is born from the selection of plots of the Sous\u00e3o grape variety. With sunrise exposure and schist soils, the different plots are located at altitudes ranging from 240 to 300 m, which requires a close monitoring of the maturation of the different terroirs. <\/p>\n","protected":false},"excerpt":{"rendered":"<p>H.O SOUS\u00c3O is born from the selection of plots of the Sous\u00e3o grape variety. With sunrise exposure and schist soils, the different plots are located at altitudes ranging from 240 to 300 m, which requires a close monitoring of the maturation of the different terroirs. <\/p>\n","protected":false},"featured_media":483,"template":"","meta":[],"product_brand":[],"product_cat":[129,153,130],"product_tag":[123],"tipo-produto":[125],"estilo-produto":[126],"qualidade-produto":[127],"class_list":{"0":"post-567","1":"product","2":"type-product","3":"status-publish","4":"has-post-thumbnail","6":"product_cat-h-o-wines","7":"product_cat-monocasta-en","8":"product_cat-wine-h-o","9":"product_tag-red","10":"tipo-produto-wine","11":"estilo-produto-doc-douro-en","12":"qualidade-produto-red","14":"first","15":"instock","16":"taxable","17":"shipping-taxable","18":"purchasable","19":"product-type-variable"},"_links":{"self":[{"href":"https:\/\/menin.pt\/pt\/en\/wp-json\/wp\/v2\/product\/567","targetHints":{"allow":["GET"]}}],"collection":[{"href":"https:\/\/menin.pt\/pt\/en\/wp-json\/wp\/v2\/product"}],"about":[{"href":"https:\/\/menin.pt\/pt\/en\/wp-json\/wp\/v2\/types\/product"}],"wp:featuredmedia":[{"embeddable":true,"href":"https:\/\/menin.pt\/pt\/en\/wp-json\/wp\/v2\/media\/483"}],"wp:attachment":[{"href":"https:\/\/menin.pt\/pt\/en\/wp-json\/wp\/v2\/media?parent=567"}],"wp:term":[{"taxonomy":"product_brand","embeddable":true,"href":"https:\/\/menin.pt\/pt\/en\/wp-json\/wp\/v2\/product_brand?post=567"},{"taxonomy":"product_cat","embeddable":true,"href":"https:\/\/menin.pt\/pt\/en\/wp-json\/wp\/v2\/product_cat?post=567"},{"taxonomy":"product_tag","embeddable":true,"href":"https:\/\/menin.pt\/pt\/en\/wp-json\/wp\/v2\/product_tag?post=567"},{"taxonomy":"tipo-produto","embeddable":true,"href":"https:\/\/menin.pt\/pt\/en\/wp-json\/wp\/v2\/tipo-produto?post=567"},{"taxonomy":"estilo-produto","embeddable":true,"href":"https:\/\/menin.pt\/pt\/en\/wp-json\/wp\/v2\/estilo-produto?post=567"},{"taxonomy":"qualidade-produto","embeddable":true,"href":"https:\/\/menin.pt\/pt\/en\/wp-json\/wp\/v2\/qualidade-produto?post=567"}],"curies":[{"name":"wp","href":"https:\/\/api.w.org\/{rel}","templated":true}]}}